{"id":142,"date":"2023-05-11T11:22:53","date_gmt":"2023-05-11T09:22:53","guid":{"rendered":"https:\/\/rang-fort.fr\/?page_id=142"},"modified":"2023-05-11T11:22:53","modified_gmt":"2023-05-11T09:22:53","slug":"mariage-moderne-fleurs-et-nature","status":"publish","type":"page","link":"https:\/\/rang-fort.fr\/?page_id=142","title":{"rendered":"Mariage Moderne : Fleurs et Nature"},"content":{"rendered":"\n<p>L&rsquo;\u00e9quipe des prestataires s&rsquo;en donner \u00e0 c\u0153ur joie d&rsquo;assurer une mise en place et d\u00e9coration moderne lors d&rsquo;un mariage. <\/p>\n\n\n\n<figure class=\"wp-block-gallery has-nested-images columns-default is-cropped wp-block-gallery-1 is-layout-flex wp-block-gallery-is-layout-flex\">\n<figure class=\"wp-block-image size-large\"><img loading=\"lazy\" decoding=\"async\" width=\"1024\" height=\"768\" data-id=\"106\" src=\"https:\/\/rang-fort.fr\/wp-content\/uploads\/2023\/05\/Image-2023-05-05-a-18.54.29-1024x768.jpg\" alt=\"photo de mariage\" class=\"wp-image-106\" srcset=\"https:\/\/rang-fort.fr\/wp-content\/uploads\/2023\/05\/Image-2023-05-05-a-18.54.29-1024x768.jpg 1024w, https:\/\/rang-fort.fr\/wp-content\/uploads\/2023\/05\/Image-2023-05-05-a-18.54.29-300x225.jpg 300w, https:\/\/rang-fort.fr\/wp-content\/uploads\/2023\/05\/Image-2023-05-05-a-18.54.29-768x576.jpg 768w, https:\/\/rang-fort.fr\/wp-content\/uploads\/2023\/05\/Image-2023-05-05-a-18.54.29-1536x1152.jpg 1536w, https:\/\/rang-fort.fr\/wp-content\/uploads\/2023\/05\/Image-2023-05-05-a-18.54.29-1140x855.jpg 1140w, https:\/\/rang-fort.fr\/wp-content\/uploads\/2023\/05\/Image-2023-05-05-a-18.54.29.jpg 2016w\" sizes=\"auto, (max-width: 1024px) 100vw, 1024px\" \/><figcaption class=\"wp-element-caption\">Mise en place moderne avec th\u00e8me fleurs et verdure<\/figcaption><\/figure>\n\n\n\n<figure class=\"wp-block-image size-large\"><img loading=\"lazy\" decoding=\"async\" width=\"957\" height=\"1024\" data-id=\"108\" src=\"https:\/\/rang-fort.fr\/wp-content\/uploads\/2023\/05\/Image-2023-05-05-a-19.00.08-957x1024.jpg\" alt=\"Photo de table mariage\" class=\"wp-image-108\" srcset=\"https:\/\/rang-fort.fr\/wp-content\/uploads\/2023\/05\/Image-2023-05-05-a-19.00.08-957x1024.jpg 957w, https:\/\/rang-fort.fr\/wp-content\/uploads\/2023\/05\/Image-2023-05-05-a-19.00.08-280x300.jpg 280w, https:\/\/rang-fort.fr\/wp-content\/uploads\/2023\/05\/Image-2023-05-05-a-19.00.08-768x822.jpg 768w, https:\/\/rang-fort.fr\/wp-content\/uploads\/2023\/05\/Image-2023-05-05-a-19.00.08-1435x1536.jpg 1435w, https:\/\/rang-fort.fr\/wp-content\/uploads\/2023\/05\/Image-2023-05-05-a-19.00.08-1140x1220.jpg 1140w, https:\/\/rang-fort.fr\/wp-content\/uploads\/2023\/05\/Image-2023-05-05-a-19.00.08.jpg 1913w\" sizes=\"auto, (max-width: 957px) 100vw, 957px\" \/><figcaption class=\"wp-element-caption\">Mise en place moderne en U<\/figcaption><\/figure>\n\n\n\n<figure class=\"wp-block-image size-large\"><img loading=\"lazy\" decoding=\"async\" width=\"591\" height=\"1024\" data-id=\"109\" src=\"https:\/\/rang-fort.fr\/wp-content\/uploads\/2023\/05\/WhatsApp-Image-2023-05-05-a-19.00.10-591x1024.jpg\" alt=\"photo de table de mariage\" class=\"wp-image-109\" srcset=\"https:\/\/rang-fort.fr\/wp-content\/uploads\/2023\/05\/WhatsApp-Image-2023-05-05-a-19.00.10-591x1024.jpg 591w, https:\/\/rang-fort.fr\/wp-content\/uploads\/2023\/05\/WhatsApp-Image-2023-05-05-a-19.00.10-173x300.jpg 173w, https:\/\/rang-fort.fr\/wp-content\/uploads\/2023\/05\/WhatsApp-Image-2023-05-05-a-19.00.10-768x1331.jpg 768w, https:\/\/rang-fort.fr\/wp-content\/uploads\/2023\/05\/WhatsApp-Image-2023-05-05-a-19.00.10-887x1536.jpg 887w, https:\/\/rang-fort.fr\/wp-content\/uploads\/2023\/05\/WhatsApp-Image-2023-05-05-a-19.00.10-1140x1975.jpg 1140w, https:\/\/rang-fort.fr\/wp-content\/uploads\/2023\/05\/WhatsApp-Image-2023-05-05-a-19.00.10.jpg 1182w\" sizes=\"auto, (max-width: 591px) 100vw, 591px\" \/><figcaption class=\"wp-element-caption\">Mise en place moderne<\/figcaption><\/figure>\n\n\n\n<figure class=\"wp-block-image size-large\"><img loading=\"lazy\" decoding=\"async\" width=\"1024\" height=\"778\" data-id=\"107\" src=\"https:\/\/rang-fort.fr\/wp-content\/uploads\/2023\/05\/Image-2023-05-05-a-19.00.07-1024x778.jpg\" alt=\"Photo de table de mariage\" class=\"wp-image-107\" srcset=\"https:\/\/rang-fort.fr\/wp-content\/uploads\/2023\/05\/Image-2023-05-05-a-19.00.07-1024x778.jpg 1024w, https:\/\/rang-fort.fr\/wp-content\/uploads\/2023\/05\/Image-2023-05-05-a-19.00.07-300x228.jpg 300w, https:\/\/rang-fort.fr\/wp-content\/uploads\/2023\/05\/Image-2023-05-05-a-19.00.07-768x584.jpg 768w, https:\/\/rang-fort.fr\/wp-content\/uploads\/2023\/05\/Image-2023-05-05-a-19.00.07-1536x1168.jpg 1536w, https:\/\/rang-fort.fr\/wp-content\/uploads\/2023\/05\/Image-2023-05-05-a-19.00.07-1140x867.jpg 1140w, https:\/\/rang-fort.fr\/wp-content\/uploads\/2023\/05\/Image-2023-05-05-a-19.00.07-500x380.jpg 500w, https:\/\/rang-fort.fr\/wp-content\/uploads\/2023\/05\/Image-2023-05-05-a-19.00.07.jpg 1989w\" sizes=\"auto, (max-width: 1024px) 100vw, 1024px\" \/><figcaption class=\"wp-element-caption\">Mariage avec th\u00e8me fleurs et verdure<\/figcaption><\/figure>\n<\/figure>\n","protected":false},"excerpt":{"rendered":"<p>L&rsquo;\u00e9quipe des prestataires s&rsquo;en donner \u00e0 c\u0153ur joie d&rsquo;assurer une mise en place et d\u00e9coration moderne lors d&rsquo;un mariage.<\/p>\n","protected":false},"author":1,"featured_media":0,"parent":0,"menu_order":0,"comment_status":"closed","ping_status":"closed","template":"","meta":{"footnotes":""},"class_list":["post-142","page","type-page","status-publish","hentry"],"_links":{"self":[{"href":"https:\/\/rang-fort.fr\/index.php?rest_route=\/wp\/v2\/pages\/142","targetHints":{"allow":["GET"]}}],"collection":[{"href":"https:\/\/rang-fort.fr\/index.php?rest_route=\/wp\/v2\/pages"}],"about":[{"href":"https:\/\/rang-fort.fr\/index.php?rest_route=\/wp\/v2\/types\/page"}],"author":[{"embeddable":true,"href":"https:\/\/rang-fort.fr\/index.php?rest_route=\/wp\/v2\/users\/1"}],"replies":[{"embeddable":true,"href":"https:\/\/rang-fort.fr\/index.php?rest_route=%2Fwp%2Fv2%2Fcomments&post=142"}],"version-history":[{"count":1,"href":"https:\/\/rang-fort.fr\/index.php?rest_route=\/wp\/v2\/pages\/142\/revisions"}],"predecessor-version":[{"id":144,"href":"https:\/\/rang-fort.fr\/index.php?rest_route=\/wp\/v2\/pages\/142\/revisions\/144"}],"wp:attachment":[{"href":"https:\/\/rang-fort.fr\/index.php?rest_route=%2Fwp%2Fv2%2Fmedia&parent=142"}],"curies":[{"name":"wp","href":"https:\/\/api.w.org\/{rel}","templated":true}]}}