{"id":119,"date":"2023-05-08T17:54:26","date_gmt":"2023-05-08T15:54:26","guid":{"rendered":"https:\/\/rang-fort.fr\/?page_id=119"},"modified":"2023-05-08T17:54:26","modified_gmt":"2023-05-08T15:54:26","slug":"mariage-vip","status":"publish","type":"page","link":"https:\/\/rang-fort.fr\/?page_id=119","title":{"rendered":"Mariage VIP"},"content":{"rendered":"\n<p>Prestation de mariage au tour de l&rsquo;Art.  Nos partenaires de grande qualit\u00e9 et de comp\u00e9tences reconnues se sont donn\u00e9 inspir\u00e9 des tableaux et peintures pr\u00e9sentes pour donner une mise en pace artistique.<\/p>\n\n\n\n<figure class=\"wp-block-image size-large\"><img loading=\"lazy\" decoding=\"async\" width=\"768\" height=\"1024\" src=\"http:\/\/rang-fort.fr\/wp-content\/uploads\/2023\/05\/Image-2023-05-05-a-18.21.19-768x1024.jpg\" alt=\"Photo de table mariage VIP\" class=\"wp-image-104\" srcset=\"https:\/\/rang-fort.fr\/wp-content\/uploads\/2023\/05\/Image-2023-05-05-a-18.21.19-768x1024.jpg 768w, https:\/\/rang-fort.fr\/wp-content\/uploads\/2023\/05\/Image-2023-05-05-a-18.21.19-225x300.jpg 225w, https:\/\/rang-fort.fr\/wp-content\/uploads\/2023\/05\/Image-2023-05-05-a-18.21.19-1152x1536.jpg 1152w, https:\/\/rang-fort.fr\/wp-content\/uploads\/2023\/05\/Image-2023-05-05-a-18.21.19-1140x1520.jpg 1140w, https:\/\/rang-fort.fr\/wp-content\/uploads\/2023\/05\/Image-2023-05-05-a-18.21.19.jpg 1500w\" sizes=\"auto, (max-width: 768px) 100vw, 768px\" \/><figcaption class=\"wp-element-caption\">Mariage et mise en place VIP<\/figcaption><\/figure>\n","protected":false},"excerpt":{"rendered":"<p>Prestation de mariage au tour de l&rsquo;Art. Nos partenaires de grande qualit\u00e9 et de comp\u00e9tences reconnues se sont donn\u00e9 inspir\u00e9 des tableaux et peintures pr\u00e9sentes pour donner une mise en pace artistique.<\/p>\n","protected":false},"author":1,"featured_media":0,"parent":0,"menu_order":0,"comment_status":"closed","ping_status":"closed","template":"","meta":{"footnotes":""},"class_list":["post-119","page","type-page","status-publish","hentry"],"_links":{"self":[{"href":"https:\/\/rang-fort.fr\/index.php?rest_route=\/wp\/v2\/pages\/119","targetHints":{"allow":["GET"]}}],"collection":[{"href":"https:\/\/rang-fort.fr\/index.php?rest_route=\/wp\/v2\/pages"}],"about":[{"href":"https:\/\/rang-fort.fr\/index.php?rest_route=\/wp\/v2\/types\/page"}],"author":[{"embeddable":true,"href":"https:\/\/rang-fort.fr\/index.php?rest_route=\/wp\/v2\/users\/1"}],"replies":[{"embeddable":true,"href":"https:\/\/rang-fort.fr\/index.php?rest_route=%2Fwp%2Fv2%2Fcomments&post=119"}],"version-history":[{"count":1,"href":"https:\/\/rang-fort.fr\/index.php?rest_route=\/wp\/v2\/pages\/119\/revisions"}],"predecessor-version":[{"id":120,"href":"https:\/\/rang-fort.fr\/index.php?rest_route=\/wp\/v2\/pages\/119\/revisions\/120"}],"wp:attachment":[{"href":"https:\/\/rang-fort.fr\/index.php?rest_route=%2Fwp%2Fv2%2Fmedia&parent=119"}],"curies":[{"name":"wp","href":"https:\/\/api.w.org\/{rel}","templated":true}]}}